{"id":2468,"date":"2022-03-31T01:18:39","date_gmt":"2022-03-31T04:18:39","guid":{"rendered":"https:\/\/millerbi.net\/distribuidores\/"},"modified":"2022-03-31T01:18:39","modified_gmt":"2022-03-31T04:18:39","slug":"distribuidores","status":"publish","type":"page","link":"https:\/\/millerbi.net\/en\/distribuidores\/","title":{"rendered":"Distribuidores"},"content":{"rendered":"\n  <div class=\"banner has-hover\" id=\"banner-788980383\">\n          <div class=\"banner-inner fill\">\n        <div class=\"banner-bg fill\" >\n            <img loading=\"lazy\" decoding=\"async\" width=\"1020\" height=\"312\" src=\"https:\/\/millerbi.net\/wp-content\/uploads\/2022\/04\/distribuci-1024x313.jpg\" class=\"bg attachment-large size-large\" alt=\"\" \/>                        <div class=\"overlay\"><\/div>            \n                    <\/div>\n\t\t\n        <div class=\"banner-layers container\">\n            <div class=\"fill banner-link\"><\/div>            \n   <div id=\"text-box-960792042\" class=\"text-box banner-layer x50 md-x50 lg-x50 y50 md-y50 lg-y50 res-text\">\n                     <div data-animate=\"flipInY\">           <div class=\"text-box-content text dark text-shadow-1\">\n              \n              <div class=\"text-inner text-center\">\n                  \n\t<div id=\"text-1747186528\" class=\"text\">\n\t\t\n<p><span style=\"font-size: 120%;\">Distribuci\u00f3n<\/span><\/p>\n<h3 style=\"font-weight: 300;\">Innovaci\u00f3n en Distribuci\u00f3n<br \/>\n<\/h3>\n<h5>Con sede en Provincia de Buenos Aires, Xellex es reconocida como l\u00edder e innovador continuo en la distribuci\u00f3n y en el servicio de productos de Energ\u00eda en todo el Pa\u00eds.<br \/>\n<\/h5>\n\t\t\n<style>\n#text-1747186528 {\n  font-size: 1rem;\n  line-height: 1.3;\n  text-align: center;\n}\n@media (min-width:550px) {\n  #text-1747186528 {\n    font-size: 1.35rem;\n  }\n}\n<\/style>\n\t<\/div>\n\t\n              <\/div>\n           <\/div>\n       <\/div>                     \n<style>\n#text-box-960792042 .text-inner {\n  padding: 10px 10px 10px 10px;\n}\n#text-box-960792042 {\n  width: 100%;\n}\n#text-box-960792042 .text-box-content {\n  font-size: 100%;\n}\n@media (min-width:550px) {\n  #text-box-960792042 {\n    width: 65%;\n  }\n}\n<\/style>\n    <\/div>\n \n        <\/div>\n      <\/div>\n\n            \n<style>\n#banner-788980383 {\n  padding-top: 465px;\n}\n#banner-788980383 .overlay {\n  background-color: rgba(2, 15, 38, 0);\n}\n#banner-788980383 .banner-bg img {\n  object-position: 50% 100%;\n}\n<\/style>\n  <\/div>\n\n\n\n\t<section class=\"section\" id=\"section_823587435\">\n\t\t<div class=\"section-bg fill\" >\n\t\t\t\t\t\t\t\t\t\n\t\t\t\n\n\t\t<\/div>\n\n\t\t\n\n\t\t<div class=\"section-content relative\">\n\t\t\t\n<div class=\"row row-collapse row-full-width align-middle\"  id=\"row-1670907727\">\n\n\t<div id=\"col-933074734\" class=\"col medium-6 small-12 large-6 small-col-first\"  data-animate=\"fadeInRight\">\n\t\t\t\t<div class=\"col-inner text-left\"  >\n\t\t\t\n\t\t\t\n\n\t\t<div class=\"icon-box featured-box icon-box-center text-center\"  >\n\t\t\t\t\t<div class=\"icon-box-img\" style=\"width: 75px\">\n\t\t\t\t<div class=\"icon\">\n\t\t\t\t\t<div class=\"icon-inner\" >\n\t\t\t\t\t\t<img loading=\"lazy\" decoding=\"async\" width=\"220\" height=\"220\" src=\"https:\/\/millerbi.net\/wp-content\/uploads\/2022\/03\/icono05.png\" class=\"attachment-medium size-medium\" alt=\"\" srcset=\"https:\/\/millerbi.net\/wp-content\/uploads\/2022\/03\/icono05.png 220w, https:\/\/millerbi.net\/wp-content\/uploads\/2022\/03\/icono05-100x100.png 100w, https:\/\/millerbi.net\/wp-content\/uploads\/2022\/03\/icono05-150x150.png 150w\" sizes=\"auto, (max-width: 220px) 100vw, 220px\" \/>\t\t\t\t\t<\/div>\n\t\t\t\t<\/div>\n\t\t\t<\/div>\n\t\t\t\t<div class=\"icon-box-text last-reset\">\n\t\t\t\t\t\t\t\t\t\n\t<div id=\"text-3051976910\" class=\"text\">\n\t\t\n<h2 style=\"color: #1f3580;\">Log\u00edstica en todo el Pa\u00eds<\/h2>\n<p>Tenemos la capacidad de entregar nuestros productos, con una operaci\u00f3n que cubre todo el territorio nacional.<\/p>\n\t\t\n<style>\n#text-3051976910 {\n  font-size: 0.85rem;\n  text-align: center;\n}\n<\/style>\n\t<\/div>\n\t\n\t\t<\/div>\n\t<\/div>\n\t\n\t\n\t\t<\/div>\n\t\t\t\t\n<style>\n#col-933074734 > .col-inner {\n  padding: 10% 20% 10% 20%;\n}\n<\/style>\n\t<\/div>\n\n\t\n\n\t<div id=\"col-1694359754\" class=\"col medium-6 small-12 large-6\"  data-animate=\"fadeInLeft\">\n\t\t\t\t<div class=\"col-inner\"  >\n\t\t\t\n\t\t\t\n\t<div class=\"img has-hover x md-x lg-x y md-y lg-y\" id=\"image_379928942\">\n\t\t\t\t\t\t\t\t<div class=\"img-inner image-zoom-long image-glow dark\" >\n\t\t\t<img loading=\"lazy\" decoding=\"async\" width=\"1020\" height=\"623\" src=\"https:\/\/millerbi.net\/wp-content\/uploads\/2022\/03\/back03.jpg\" class=\"attachment-large size-large\" alt=\"\" srcset=\"https:\/\/millerbi.net\/wp-content\/uploads\/2022\/03\/back03.jpg 1021w, https:\/\/millerbi.net\/wp-content\/uploads\/2022\/03\/back03-600x367.jpg 600w, https:\/\/millerbi.net\/wp-content\/uploads\/2022\/03\/back03-300x183.jpg 300w, https:\/\/millerbi.net\/wp-content\/uploads\/2022\/03\/back03-768x469.jpg 768w\" sizes=\"auto, (max-width: 1020px) 100vw, 1020px\" \/>\t\t\t\t\t\t\n\t\t\t\t\t<\/div>\n\t\t\t\t\t\t\t\t\n<style>\n#image_379928942 {\n  width: 100%;\n}\n<\/style>\n\t<\/div>\n\t\n\t\t<\/div>\n\t\t\t\t\t<\/div>\n\n\t\n<\/div>\n<div class=\"row row-collapse row-full-width align-middle\"  id=\"row-23540947\">\n\n\t<div id=\"col-1315628744\" class=\"col medium-6 small-12 large-6\"  data-animate=\"fadeInRight\">\n\t\t\t\t<div class=\"col-inner\"  >\n\t\t\t\n\t\t\t\n\t<div class=\"img has-hover x md-x lg-x y md-y lg-y\" id=\"image_515951131\">\n\t\t\t\t\t\t\t\t<div class=\"img-inner image-glow image-zoom-long dark\" >\n\t\t\t<img loading=\"lazy\" decoding=\"async\" width=\"787\" height=\"479\" src=\"https:\/\/millerbi.net\/wp-content\/uploads\/2022\/04\/Screenshot_7.jpg\" class=\"attachment-large size-large\" alt=\"\" srcset=\"https:\/\/millerbi.net\/wp-content\/uploads\/2022\/04\/Screenshot_7.jpg 787w, https:\/\/millerbi.net\/wp-content\/uploads\/2022\/04\/Screenshot_7-600x365.jpg 600w, https:\/\/millerbi.net\/wp-content\/uploads\/2022\/04\/Screenshot_7-300x183.jpg 300w, https:\/\/millerbi.net\/wp-content\/uploads\/2022\/04\/Screenshot_7-768x467.jpg 768w\" sizes=\"auto, (max-width: 787px) 100vw, 787px\" \/>\t\t\t\t\t\t\n\t\t\t\t\t<\/div>\n\t\t\t\t\t\t\t\t\n<style>\n#image_515951131 {\n  width: 100%;\n}\n<\/style>\n\t<\/div>\n\t\n\t\t<\/div>\n\t\t\t\t\t<\/div>\n\n\t\n\n\t<div id=\"col-1924325701\" class=\"col medium-6 small-12 large-6 small-col-first\"  data-animate=\"fadeInRight\">\n\t\t\t\t<div class=\"col-inner text-left\"  >\n\t\t\t\n\t\t\t\n\n\t\t<div class=\"icon-box featured-box icon-box-center text-center\"  >\n\t\t\t\t\t<div class=\"icon-box-img\" style=\"width: 75px\">\n\t\t\t\t<div class=\"icon\">\n\t\t\t\t\t<div class=\"icon-inner\" >\n\t\t\t\t\t\t<img loading=\"lazy\" decoding=\"async\" width=\"150\" height=\"150\" src=\"https:\/\/millerbi.net\/wp-content\/uploads\/2022\/04\/icono18.png\" class=\"attachment-medium size-medium\" alt=\"\" srcset=\"https:\/\/millerbi.net\/wp-content\/uploads\/2022\/04\/icono18.png 150w, https:\/\/millerbi.net\/wp-content\/uploads\/2022\/04\/icono18-100x100.png 100w\" sizes=\"auto, (max-width: 150px) 100vw, 150px\" \/>\t\t\t\t\t<\/div>\n\t\t\t\t<\/div>\n\t\t\t<\/div>\n\t\t\t\t<div class=\"icon-box-text last-reset\">\n\t\t\t\t\t\t\t\t\t\n\t<div id=\"text-4293326319\" class=\"text\">\n\t\t\n<h2 style=\"color: #1f3580;\">Planes de Financiaci\u00f3n<br \/>\n<\/h2>\n<p>Planes de cr\u00e9dito acorde a las condiciones del mercado<\/p>\n\t\t\n<style>\n#text-4293326319 {\n  font-size: 0.85rem;\n  text-align: center;\n}\n<\/style>\n\t<\/div>\n\t\n\t\t<\/div>\n\t<\/div>\n\t\n\t\n\t\t<\/div>\n\t\t\t\t\n<style>\n#col-1924325701 > .col-inner {\n  padding: 10% 20% 10% 20%;\n}\n<\/style>\n\t<\/div>\n\n\t\n<\/div>\n\t\t<\/div>\n\n\t\t\n<style>\n#section_823587435 {\n  padding-top: 0px;\n  padding-bottom: 0px;\n  background-color: rgb(243, 243, 244);\n}\n<\/style>\n\t<\/section>\n\t\n\n\t<section class=\"section\" id=\"section_1273560630\">\n\t\t<div class=\"section-bg fill\" >\n\t\t\t\t\t\t\t\t\t\n\t\t\t\n\n\t\t<\/div>\n\n\t\t\n\n\t\t<div class=\"section-content relative\">\n\t\t\t\n<div class=\"row row-collapse row-full-width align-middle\"  id=\"row-890363155\">\n\n\t<div id=\"col-825688530\" class=\"col medium-6 small-12 large-6 small-col-first\"  data-animate=\"fadeInRight\">\n\t\t\t\t<div class=\"col-inner text-left\"  >\n\t\t\t\n\t\t\t\n\n\t\t<div class=\"icon-box featured-box icon-box-center text-center\"  >\n\t\t\t\t\t<div class=\"icon-box-img\" style=\"width: 75px\">\n\t\t\t\t<div class=\"icon\">\n\t\t\t\t\t<div class=\"icon-inner\" >\n\t\t\t\t\t\t<img loading=\"lazy\" decoding=\"async\" width=\"180\" height=\"180\" src=\"https:\/\/millerbi.net\/wp-content\/uploads\/2022\/03\/icono08.png\" class=\"attachment-medium size-medium\" alt=\"\" srcset=\"https:\/\/millerbi.net\/wp-content\/uploads\/2022\/03\/icono08.png 180w, https:\/\/millerbi.net\/wp-content\/uploads\/2022\/03\/icono08-100x100.png 100w, https:\/\/millerbi.net\/wp-content\/uploads\/2022\/03\/icono08-150x150.png 150w\" sizes=\"auto, (max-width: 180px) 100vw, 180px\" \/>\t\t\t\t\t<\/div>\n\t\t\t\t<\/div>\n\t\t\t<\/div>\n\t\t\t\t<div class=\"icon-box-text last-reset\">\n\t\t\t\t\t\t\t\t\t\n\t<div id=\"text-264150359\" class=\"text\">\n\t\t\n<h2 style=\"color: #1f3580;\">Atenci\u00f3n Personalizada<br \/>\n<\/h2>\n<p>Nuestros especialistas est\u00e1n preparados para acompa\u00f1arte en cada paso del desarrollo de tu negocio.<\/p>\n\t\t\n<style>\n#text-264150359 {\n  font-size: 0.85rem;\n  text-align: center;\n}\n<\/style>\n\t<\/div>\n\t\n\t\t<\/div>\n\t<\/div>\n\t\n\t\n\t\t<\/div>\n\t\t\t\t\n<style>\n#col-825688530 > .col-inner {\n  padding: 10% 20% 10% 20%;\n}\n<\/style>\n\t<\/div>\n\n\t\n\n\t<div id=\"col-1700415618\" class=\"col medium-6 small-12 large-6\"  data-animate=\"fadeInLeft\">\n\t\t\t\t<div class=\"col-inner\"  >\n\t\t\t\n\t\t\t\n\t<div class=\"img has-hover x md-x lg-x y md-y lg-y\" id=\"image_953785236\">\n\t\t\t\t\t\t\t\t<div class=\"img-inner image-zoom-long image-glow dark\" >\n\t\t\t<img loading=\"lazy\" decoding=\"async\" width=\"1020\" height=\"623\" src=\"https:\/\/millerbi.net\/wp-content\/uploads\/2022\/03\/back06.jpg\" class=\"attachment-large size-large\" alt=\"\" srcset=\"https:\/\/millerbi.net\/wp-content\/uploads\/2022\/03\/back06.jpg 1025w, https:\/\/millerbi.net\/wp-content\/uploads\/2022\/03\/back06-600x366.jpg 600w, https:\/\/millerbi.net\/wp-content\/uploads\/2022\/03\/back06-300x183.jpg 300w, https:\/\/millerbi.net\/wp-content\/uploads\/2022\/03\/back06-768x469.jpg 768w\" sizes=\"auto, (max-width: 1020px) 100vw, 1020px\" \/>\t\t\t\t\t\t\n\t\t\t\t\t<\/div>\n\t\t\t\t\t\t\t\t\n<style>\n#image_953785236 {\n  width: 100%;\n}\n<\/style>\n\t<\/div>\n\t\n\t\t<\/div>\n\t\t\t\t\t<\/div>\n\n\t\n<\/div>\n\t\t<\/div>\n\n\t\t\n<style>\n#section_1273560630 {\n  padding-top: 0px;\n  padding-bottom: 0px;\n  background-color: rgb(243, 243, 244);\n}\n<\/style>\n\t<\/section>\n\t\n\n\t<section class=\"section\" id=\"section_1788883966\">\n\t\t<div class=\"section-bg fill\" >\n\t\t\t\t\t\t\t\t\t\n\t\t\t\n\n\t\t<\/div>\n\n\t\t\n\n\t\t<div class=\"section-content relative\">\n\t\t\t\n<div class=\"row row-collapse row-full-width align-middle\"  id=\"row-837032934\">\n\n\t<div id=\"col-1210693403\" class=\"col medium-6 small-12 large-6\"  data-animate=\"fadeInRight\">\n\t\t\t\t<div class=\"col-inner\"  >\n\t\t\t\n\t\t\t\n\t<div class=\"img has-hover x md-x lg-x y md-y lg-y\" id=\"image_2104697238\">\n\t\t\t\t\t\t\t\t<div class=\"img-inner image-glow image-zoom-long dark\" >\n\t\t\t<img loading=\"lazy\" decoding=\"async\" width=\"788\" height=\"481\" src=\"https:\/\/millerbi.net\/wp-content\/uploads\/2022\/04\/Screenshot_8.jpg\" class=\"attachment-large size-large\" alt=\"\" srcset=\"https:\/\/millerbi.net\/wp-content\/uploads\/2022\/04\/Screenshot_8.jpg 788w, https:\/\/millerbi.net\/wp-content\/uploads\/2022\/04\/Screenshot_8-600x366.jpg 600w, https:\/\/millerbi.net\/wp-content\/uploads\/2022\/04\/Screenshot_8-300x183.jpg 300w, https:\/\/millerbi.net\/wp-content\/uploads\/2022\/04\/Screenshot_8-768x469.jpg 768w\" sizes=\"auto, (max-width: 788px) 100vw, 788px\" \/>\t\t\t\t\t\t\n\t\t\t\t\t<\/div>\n\t\t\t\t\t\t\t\t\n<style>\n#image_2104697238 {\n  width: 100%;\n}\n<\/style>\n\t<\/div>\n\t\n\t\t<\/div>\n\t\t\t\t\t<\/div>\n\n\t\n\n\t<div id=\"col-1651064903\" class=\"col medium-6 small-12 large-6 small-col-first\"  data-animate=\"fadeInRight\">\n\t\t\t\t<div class=\"col-inner text-left\"  >\n\t\t\t\n\t\t\t\n\n\t\t<div class=\"icon-box featured-box icon-box-center text-center\"  >\n\t\t\t\t\t<div class=\"icon-box-img\" style=\"width: 75px\">\n\t\t\t\t<div class=\"icon\">\n\t\t\t\t\t<div class=\"icon-inner\" >\n\t\t\t\t\t\t<img loading=\"lazy\" decoding=\"async\" width=\"150\" height=\"150\" src=\"https:\/\/millerbi.net\/wp-content\/uploads\/2022\/04\/icono19.png\" class=\"attachment-medium size-medium\" alt=\"\" srcset=\"https:\/\/millerbi.net\/wp-content\/uploads\/2022\/04\/icono19.png 150w, https:\/\/millerbi.net\/wp-content\/uploads\/2022\/04\/icono19-100x100.png 100w\" sizes=\"auto, (max-width: 150px) 100vw, 150px\" \/>\t\t\t\t\t<\/div>\n\t\t\t\t<\/div>\n\t\t\t<\/div>\n\t\t\t\t<div class=\"icon-box-text last-reset\">\n\t\t\t\t\t\t\t\t\t\n\t<div id=\"text-3538332742\" class=\"text\">\n\t\t\n<h2 style=\"color: #1f3580;\">Amplio Stock<br \/>\n<\/h2>\n<p>Nuestra pol\u00edtica de stock garantiza que siempre puedas contar con el producto que buscas en el momento que lo necesit\u00e1s<\/p>\n\t\t\n<style>\n#text-3538332742 {\n  font-size: 0.85rem;\n  text-align: center;\n}\n<\/style>\n\t<\/div>\n\t\n\t\t<\/div>\n\t<\/div>\n\t\n\t\n\t\t<\/div>\n\t\t\t\t\n<style>\n#col-1651064903 > .col-inner {\n  padding: 10px 20% 10px 20%;\n}\n<\/style>\n\t<\/div>\n\n\t\n<\/div>\n<div class=\"row row-collapse row-full-width align-middle\"  id=\"row-1352715550\">\n\n\t<div id=\"col-1679345517\" class=\"col medium-6 small-12 large-6 small-col-first\"  data-animate=\"fadeInRight\">\n\t\t\t\t<div class=\"col-inner text-left\"  >\n\t\t\t\n\t\t\t\n\n\t\t<div class=\"icon-box featured-box icon-box-center text-center\"  >\n\t\t\t\t\t<div class=\"icon-box-img\" style=\"width: 75px\">\n\t\t\t\t<div class=\"icon\">\n\t\t\t\t\t<div class=\"icon-inner\" >\n\t\t\t\t\t\t<img loading=\"lazy\" decoding=\"async\" width=\"150\" height=\"150\" src=\"https:\/\/millerbi.net\/wp-content\/uploads\/2022\/04\/icono20.png\" class=\"attachment-medium size-medium\" alt=\"\" srcset=\"https:\/\/millerbi.net\/wp-content\/uploads\/2022\/04\/icono20.png 150w, https:\/\/millerbi.net\/wp-content\/uploads\/2022\/04\/icono20-100x100.png 100w\" sizes=\"auto, (max-width: 150px) 100vw, 150px\" \/>\t\t\t\t\t<\/div>\n\t\t\t\t<\/div>\n\t\t\t<\/div>\n\t\t\t\t<div class=\"icon-box-text last-reset\">\n\t\t\t\t\t\t\t\t\t\n\t<div id=\"text-2189107149\" class=\"text\">\n\t\t\n<h2 style=\"color: #1f3580;\">Cotizaciones en Grandes Cantidades<br \/>\n<\/h2>\n<p>\u00bfTen\u00e9s un pedido de una gran cantidad? Contactanos y te proporcionaremos una cotizaci\u00f3n con un precio acorde a tus necesidades.<\/p>\n\t\t\n<style>\n#text-2189107149 {\n  font-size: 0.85rem;\n  text-align: center;\n}\n<\/style>\n\t<\/div>\n\t\n\t\t<\/div>\n\t<\/div>\n\t\n\t\n\t\t<\/div>\n\t\t\t\t\n<style>\n#col-1679345517 > .col-inner {\n  padding: 10% 20% 10% 20%;\n}\n<\/style>\n\t<\/div>\n\n\t\n\n\t<div id=\"col-1672453650\" class=\"col medium-6 small-12 large-6\"  data-animate=\"fadeInLeft\">\n\t\t\t\t<div class=\"col-inner\"  >\n\t\t\t\n\t\t\t\n\t<div class=\"img has-hover x md-x lg-x y md-y lg-y\" id=\"image_1546920551\">\n\t\t\t\t\t\t\t\t<div class=\"img-inner image-zoom-long image-glow dark\" >\n\t\t\t<img loading=\"lazy\" decoding=\"async\" width=\"786\" height=\"480\" src=\"https:\/\/millerbi.net\/wp-content\/uploads\/2022\/04\/Screenshot_9.jpg\" class=\"attachment-large size-large\" alt=\"\" srcset=\"https:\/\/millerbi.net\/wp-content\/uploads\/2022\/04\/Screenshot_9.jpg 786w, https:\/\/millerbi.net\/wp-content\/uploads\/2022\/04\/Screenshot_9-600x366.jpg 600w, https:\/\/millerbi.net\/wp-content\/uploads\/2022\/04\/Screenshot_9-300x183.jpg 300w, https:\/\/millerbi.net\/wp-content\/uploads\/2022\/04\/Screenshot_9-768x469.jpg 768w\" sizes=\"auto, (max-width: 786px) 100vw, 786px\" \/>\t\t\t\t\t\t\n\t\t\t\t\t<\/div>\n\t\t\t\t\t\t\t\t\n<style>\n#image_1546920551 {\n  width: 100%;\n}\n<\/style>\n\t<\/div>\n\t\n\t\t<\/div>\n\t\t\t\t\t<\/div>\n\n\t\n<\/div>\n<div class=\"row row-collapse row-full-width align-middle\"  id=\"row-98685308\">\n\n\t<div id=\"col-1785015783\" class=\"col medium-6 small-12 large-6\"  data-animate=\"fadeInRight\">\n\t\t\t\t<div class=\"col-inner\"  >\n\t\t\t\n\t\t\t\n\t<div class=\"img has-hover x md-x lg-x y md-y lg-y\" id=\"image_811965942\">\n\t\t\t\t\t\t\t\t<div class=\"img-inner image-glow image-zoom-long dark\" >\n\t\t\t<img loading=\"lazy\" decoding=\"async\" width=\"786\" height=\"481\" src=\"https:\/\/millerbi.net\/wp-content\/uploads\/2022\/04\/Screenshot_10.jpg\" class=\"attachment-large size-large\" alt=\"\" srcset=\"https:\/\/millerbi.net\/wp-content\/uploads\/2022\/04\/Screenshot_10.jpg 786w, https:\/\/millerbi.net\/wp-content\/uploads\/2022\/04\/Screenshot_10-600x367.jpg 600w, https:\/\/millerbi.net\/wp-content\/uploads\/2022\/04\/Screenshot_10-300x184.jpg 300w, https:\/\/millerbi.net\/wp-content\/uploads\/2022\/04\/Screenshot_10-768x470.jpg 768w\" sizes=\"auto, (max-width: 786px) 100vw, 786px\" \/>\t\t\t\t\t\t\n\t\t\t\t\t<\/div>\n\t\t\t\t\t\t\t\t\n<style>\n#image_811965942 {\n  width: 100%;\n}\n<\/style>\n\t<\/div>\n\t\n\t\t<\/div>\n\t\t\t\t\t<\/div>\n\n\t\n\n\t<div id=\"col-1249557371\" class=\"col medium-6 small-12 large-6 small-col-first\"  data-animate=\"fadeInRight\">\n\t\t\t\t<div class=\"col-inner text-left\"  >\n\t\t\t\n\t\t\t\n\n\t\t<div class=\"icon-box featured-box icon-box-center text-center\"  >\n\t\t\t\t\t<div class=\"icon-box-img\" style=\"width: 75px\">\n\t\t\t\t<div class=\"icon\">\n\t\t\t\t\t<div class=\"icon-inner\" >\n\t\t\t\t\t\t<img loading=\"lazy\" decoding=\"async\" width=\"150\" height=\"150\" src=\"https:\/\/millerbi.net\/wp-content\/uploads\/2022\/04\/icono21.png\" class=\"attachment-medium size-medium\" alt=\"\" srcset=\"https:\/\/millerbi.net\/wp-content\/uploads\/2022\/04\/icono21.png 150w, https:\/\/millerbi.net\/wp-content\/uploads\/2022\/04\/icono21-100x100.png 100w\" sizes=\"auto, (max-width: 150px) 100vw, 150px\" \/>\t\t\t\t\t<\/div>\n\t\t\t\t<\/div>\n\t\t\t<\/div>\n\t\t\t\t<div class=\"icon-box-text last-reset\">\n\t\t\t\t\t\t\t\t\t\n\t<div id=\"text-3500012362\" class=\"text\">\n\t\t\n<h2 style=\"color: #1f3580;\">Soporte Post Venta<br \/>\n<\/h2>\n<p>Nuestro compromiso con el cliente no se agota en la venta. Cuando compr\u00e1s en Xellex cont\u00e1s con un soporte post-venta integral.<\/p>\n\t\t\n<style>\n#text-3500012362 {\n  font-size: 0.85rem;\n  text-align: center;\n}\n<\/style>\n\t<\/div>\n\t\n\t\t<\/div>\n\t<\/div>\n\t\n\t\n\t\t<\/div>\n\t\t\t\t\n<style>\n#col-1249557371 > .col-inner {\n  padding: 10% 20% 10% 20%;\n}\n<\/style>\n\t<\/div>\n\n\t\n<\/div>\n\t\t<\/div>\n\n\t\t\n<style>\n#section_1788883966 {\n  padding-top: 0px;\n  padding-bottom: 0px;\n  background-color: rgb(243, 243, 244);\n}\n<\/style>\n\t<\/section>\n\t\n<div class=\"row row-collapse row-full-width align-middle\"  id=\"row-270276393\">\n\n\t<div id=\"col-115915869\" class=\"col medium-6 small-12 large-6 small-col-first\"  data-animate=\"fadeInRight\">\n\t\t\t\t<div class=\"col-inner text-left\"  >\n\t\t\t\n\t\t\t\n\n\t\t<div class=\"icon-box featured-box icon-box-center text-center\"  >\n\t\t\t\t\t<div class=\"icon-box-img\" style=\"width: 75px\">\n\t\t\t\t<div class=\"icon\">\n\t\t\t\t\t<div class=\"icon-inner\" >\n\t\t\t\t\t\t<img loading=\"lazy\" decoding=\"async\" width=\"150\" height=\"150\" src=\"https:\/\/millerbi.net\/wp-content\/uploads\/2022\/04\/icono14.png\" class=\"attachment-medium size-medium\" alt=\"\" srcset=\"https:\/\/millerbi.net\/wp-content\/uploads\/2022\/04\/icono14.png 150w, https:\/\/millerbi.net\/wp-content\/uploads\/2022\/04\/icono14-100x100.png 100w\" sizes=\"auto, (max-width: 150px) 100vw, 150px\" \/>\t\t\t\t\t<\/div>\n\t\t\t\t<\/div>\n\t\t\t<\/div>\n\t\t\t\t<div class=\"icon-box-text last-reset\">\n\t\t\t\t\t\t\t\t\t\n\t<div id=\"text-629879566\" class=\"text\">\n\t\t\n<h2 style=\"color: #1f3580;\">El m\u00e1s amplio cat\u00e1logo<\/h2>\n<p>Nuestra selecci\u00f3n de productos incluye las<br \/>\nmejores marcas de energ\u00eda del mundo.<\/p>\n\t\t\n<style>\n#text-629879566 {\n  font-size: 0.85rem;\n  text-align: center;\n}\n<\/style>\n\t<\/div>\n\t\n\t\t<\/div>\n\t<\/div>\n\t\n\t\n\t\t<\/div>\n\t\t\t\t\n<style>\n#col-115915869 > .col-inner {\n  padding: 10% 20% 10% 20%;\n}\n<\/style>\n\t<\/div>\n\n\t\n\n\t<div id=\"col-324864074\" class=\"col medium-6 small-12 large-6\"  data-animate=\"fadeInLeft\">\n\t\t\t\t<div class=\"col-inner\"  >\n\t\t\t\n\t\t\t\n\t<div class=\"img has-hover x md-x lg-x y md-y lg-y\" id=\"image_776016277\">\n\t\t\t\t\t\t\t\t<div class=\"img-inner image-zoom-long image-glow dark\" >\n\t\t\t<img loading=\"lazy\" decoding=\"async\" width=\"959\" height=\"585\" src=\"https:\/\/millerbi.net\/wp-content\/uploads\/2022\/04\/Screenshot_1.jpg\" class=\"attachment-large size-large\" alt=\"\" srcset=\"https:\/\/millerbi.net\/wp-content\/uploads\/2022\/04\/Screenshot_1.jpg 959w, https:\/\/millerbi.net\/wp-content\/uploads\/2022\/04\/Screenshot_1-600x366.jpg 600w, https:\/\/millerbi.net\/wp-content\/uploads\/2022\/04\/Screenshot_1-300x183.jpg 300w, https:\/\/millerbi.net\/wp-content\/uploads\/2022\/04\/Screenshot_1-768x468.jpg 768w\" sizes=\"auto, (max-width: 959px) 100vw, 959px\" \/>\t\t\t\t\t\t\n\t\t\t\t\t<\/div>\n\t\t\t\t\t\t\t\t\n<style>\n#image_776016277 {\n  width: 100%;\n}\n<\/style>\n\t<\/div>\n\t\n\t\t<\/div>\n\t\t\t\t\t<\/div>\n\n\t\n<\/div>\n\n  <div class=\"banner has-hover\" id=\"banner-2144579003\">\n          <div class=\"banner-inner fill\">\n        <div class=\"banner-bg fill\" >\n            <img loading=\"lazy\" decoding=\"async\" width=\"1020\" height=\"357\" src=\"https:\/\/millerbi.net\/wp-content\/uploads\/2022\/04\/contactos-1024x358.jpg\" class=\"bg attachment-large size-large\" alt=\"\" \/>                        <div class=\"overlay\"><\/div>            \n                    <\/div>\n\t\t\n        <div class=\"banner-layers container\">\n            <div class=\"fill banner-link\"><\/div>            \n   <div id=\"text-box-295724694\" class=\"text-box banner-layer x50 md-x50 lg-x50 y50 md-y50 lg-y50 res-text\">\n                     <div data-animate=\"flipInY\">           <div class=\"text-box-content text dark text-shadow-1\">\n              \n              <div class=\"text-inner text-center\">\n                  \n\t<div id=\"text-2919203809\" class=\"text\">\n\t\t\n<p><span style=\"font-size: 120%;\">Contacto<\/span><\/p>\n<h5 style=\"font-weight: 300;\">Contactanos y hablemos de c\u00f3mo nuestros productos ysoluciones de energ\u00eda pueden ayudarte.<\/h5>\n\t\t\n<style>\n#text-2919203809 {\n  font-size: 1rem;\n  line-height: 1.2;\n  text-align: center;\n}\n@media (min-width:550px) {\n  #text-2919203809 {\n    font-size: 1.25rem;\n  }\n}\n<\/style>\n\t<\/div>\n\t\n<a href=\"https:\/\/xellex.imanaging.net\/contacto\" class=\"button success\" >\n\t\t<span>Contactanos<\/span>\n\t<\/a>\n\n              <\/div>\n           <\/div>\n       <\/div>                     \n<style>\n#text-box-295724694 .text-inner {\n  padding: 10px 10px 10px 10px;\n}\n#text-box-295724694 {\n  width: 100%;\n}\n#text-box-295724694 .text-box-content {\n  font-size: 100%;\n}\n@media (min-width:550px) {\n  #text-box-295724694 {\n    width: 42%;\n  }\n}\n<\/style>\n    <\/div>\n \n        <\/div>\n      <\/div>\n\n            \n<style>\n#banner-2144579003 {\n  padding-top: 460px;\n}\n#banner-2144579003 .overlay {\n  background-color: rgba(1, 10, 28, 0);\n}\n#banner-2144579003 .banner-bg img {\n  object-position: 50% 0%;\n}\n<\/style>\n  <\/div>\n\n\n","protected":false},"excerpt":{"rendered":"","protected":false},"author":1,"featured_media":0,"parent":0,"menu_order":0,"comment_status":"closed","ping_status":"closed","template":"page-blank.php","meta":{"footnotes":""},"class_list":["post-2468","page","type-page","status-publish","hentry"],"_links":{"self":[{"href":"https:\/\/millerbi.net\/en\/wp-json\/wp\/v2\/pages\/2468","targetHints":{"allow":["GET"]}}],"collection":[{"href":"https:\/\/millerbi.net\/en\/wp-json\/wp\/v2\/pages"}],"about":[{"href":"https:\/\/millerbi.net\/en\/wp-json\/wp\/v2\/types\/page"}],"author":[{"embeddable":true,"href":"https:\/\/millerbi.net\/en\/wp-json\/wp\/v2\/users\/1"}],"replies":[{"embeddable":true,"href":"https:\/\/millerbi.net\/en\/wp-json\/wp\/v2\/comments?post=2468"}],"version-history":[{"count":0,"href":"https:\/\/millerbi.net\/en\/wp-json\/wp\/v2\/pages\/2468\/revisions"}],"wp:attachment":[{"href":"https:\/\/millerbi.net\/en\/wp-json\/wp\/v2\/media?parent=2468"}],"curies":[{"name":"wp","href":"https:\/\/api.w.org\/{rel}","templated":true}]}}